{"id":10,"date":"2014-02-05T23:18:37","date_gmt":"2014-02-05T22:18:37","guid":{"rendered":"http:\/\/www.rakovskeho.cz\/wordpress\/?page_id=10"},"modified":"2025-11-20T17:48:40","modified_gmt":"2025-11-20T16:48:40","slug":"statutarni-organ","status":"publish","type":"page","link":"https:\/\/www.rakovskeho.cz\/?page_id=10","title":{"rendered":"Statut\u00e1rn\u00ed org\u00e1n"},"content":{"rendered":"<p style=\"text-align: left;\"><strong>Statut\u00e1rn\u00ed org\u00e1n<\/strong><\/p>\n<p>Stavebn\u00ed bytov\u00e9 dru\u017estvo POKROK<br \/>\nzapsan\u00e9 v OR veden\u00e9m u M\u011bstsk\u00e9ho soudu v Praze, odd\u00edl DrXCVIII, vlo\u017eka 53<br \/>\nKoll\u00e1rova 157\/18, Praha 8, 186 00<\/p>\n<p><strong>Domovn\u00edk<\/strong><\/p>\n<p>Miroslav Franc<br \/>\ntel. 608-512-161<br \/>\nE-mail: vybor427[zavin\u00e1\u010d]gmail[te\u010dka]com<\/p>\n<p>&nbsp;<\/p>\n","protected":false},"excerpt":{"rendered":"<p>Statut\u00e1rn\u00ed org\u00e1n Stavebn\u00ed bytov\u00e9 dru\u017estvo POKROK zapsan\u00e9 v OR veden\u00e9m u M\u011bstsk\u00e9ho soudu v Praze, odd\u00edl DrXCVIII, vlo\u017eka 53 Koll\u00e1rova 157\/18, Praha 8, 186 00 Domovn\u00edk Miroslav Franc tel. 608-512-161 E-mail: vybor427[zavin\u00e1\u010d]gmail[te\u010dka]com &nbsp;<\/p>\n","protected":false},"author":1,"featured_media":0,"parent":51,"menu_order":2,"comment_status":"closed","ping_status":"closed","template":"","meta":{"footnotes":""},"class_list":["post-10","page","type-page","status-publish","hentry"],"_links":{"self":[{"href":"https:\/\/www.rakovskeho.cz\/index.php?rest_route=\/wp\/v2\/pages\/10","targetHints":{"allow":["GET"]}}],"collection":[{"href":"https:\/\/www.rakovskeho.cz\/index.php?rest_route=\/wp\/v2\/pages"}],"about":[{"href":"https:\/\/www.rakovskeho.cz\/index.php?rest_route=\/wp\/v2\/types\/page"}],"author":[{"embeddable":true,"href":"https:\/\/www.rakovskeho.cz\/index.php?rest_route=\/wp\/v2\/users\/1"}],"replies":[{"embeddable":true,"href":"https:\/\/www.rakovskeho.cz\/index.php?rest_route=%2Fwp%2Fv2%2Fcomments&post=10"}],"version-history":[{"count":12,"href":"https:\/\/www.rakovskeho.cz\/index.php?rest_route=\/wp\/v2\/pages\/10\/revisions"}],"predecessor-version":[{"id":5372,"href":"https:\/\/www.rakovskeho.cz\/index.php?rest_route=\/wp\/v2\/pages\/10\/revisions\/5372"}],"up":[{"embeddable":true,"href":"https:\/\/www.rakovskeho.cz\/index.php?rest_route=\/wp\/v2\/pages\/51"}],"wp:attachment":[{"href":"https:\/\/www.rakovskeho.cz\/index.php?rest_route=%2Fwp%2Fv2%2Fmedia&parent=10"}],"curies":[{"name":"wp","href":"https:\/\/api.w.org\/{rel}","templated":true}]}}