{"id":113,"date":"2014-02-21T22:11:07","date_gmt":"2014-02-21T21:11:07","guid":{"rendered":"http:\/\/www.rakovskeho.cz\/wordpress\/?page_id=113"},"modified":"2025-12-01T11:20:13","modified_gmt":"2025-12-01T10:20:13","slug":"shromazdeni","status":"publish","type":"page","link":"https:\/\/www.rakovskeho.cz\/?page_id=113","title":{"rendered":"Shrom\u00e1\u017ed\u011bn\u00ed"},"content":{"rendered":"<h3><span style=\"color: #ff0000;\">Z\u00e1pisy a intern\u00ed podklady jsou dostupn\u00e9 pouze registrovan\u00fdm u\u017eivatel\u016fm!<\/span><\/h3>\n<p><strong>Shrom\u00e1\u017ed\u011bn\u00ed vlastn\u00edk\u016f &#8211; 20. 10. 2025<\/strong><\/p>\n<p><a href=\"https:\/\/www.rakovskeho.cz\/wp-content\/uploads\/2025\/12\/P7_POZVANKA_Shromazdeni_vlastniku_2025_10_20_v01.pdf\">P7_POZVANKA_Shromazdeni_vlastniku_2025_10_20_v01<\/a><\/p>\n<span class=\"rcp-restricted-content-message\">(Tyto informace jsou dostupn\u00e9 registrovan\u00fdm u\u017eivatel\u016fm po p\u0159ihl\u00e1\u0161en\u00ed.)<\/span>\n<p>&nbsp;<\/p>\n<p><strong>Shrom\u00e1\u017ed\u011bn\u00ed vlastn\u00edk\u016f &#8211; 14. 10. 2024<br \/>\n<\/strong><\/p>\n<p><a href=\"https:\/\/www.rakovskeho.cz\/wp-content\/uploads\/2024\/12\/POZVANKA_Shromazdeni_vlastniku_2024_10_14_v01.pdf\">POZVANKA_Shromazdeni_vlastniku_2024_10_14_v01<\/a><\/p>\n<span class=\"rcp-restricted-content-message\">(Tyto informace jsou dostupn\u00e9 registrovan\u00fdm u\u017eivatel\u016fm po p\u0159ihl\u00e1\u0161en\u00ed.)<\/span>\n<p><strong>Shrom\u00e1\u017ed\u011bn\u00ed vlastn\u00edk\u016f &#8211; 4. 12. 2023<br \/>\n<\/strong><a href=\"https:\/\/www.rakovskeho.cz\/wp-content\/uploads\/2023\/12\/POZVANKA_Shromazdeni_vlastniku_2022_12_04_v01.pdf\">POZVANKA_Shromazdeni_vlastniku_2022_12_04_v01<\/a><br \/>\n<a href=\"https:\/\/www.rakovskeho.cz\/wp-content\/uploads\/2023\/12\/zprava_predsedy_2023_12_04_VEREJNA.pdf\">zprava_predsedy_2023_12_04_VEREJNA<\/a><br \/>\nP\u0159\u00edloha z\u00e1pisu &#8211; vyj\u00e1d\u0159en\u00ed, Gegoriades:<br \/>\n<a href=\"https:\/\/www.rakovskeho.cz\/wp-content\/uploads\/2023\/12\/priloha_zapisu_vyjadreni_Gregoriades-scaled.jpg\"><img loading=\"lazy\" decoding=\"async\" class=\"alignnone wp-image-4738 size-thumbnail\" src=\"https:\/\/www.rakovskeho.cz\/wp-content\/uploads\/2023\/12\/priloha_zapisu_vyjadreni_Gregoriades-150x150.jpg\" alt=\"P\u0159\u00edloha z\u00e1pisu - vyj\u00e1d\u0159en\u00ed, Gregoriades\" width=\"150\" height=\"150\" data-wp-editing=\"1\" \/><\/a><br \/>\n<a href=\"https:\/\/www.rakovskeho.cz\/wp-content\/uploads\/2023\/12\/Zapis_ze_shromazdeni_2022_10_24_v03.pdf\">Zapis_ze_shromazdeni_2022_10_24_v03<\/a><br \/>\n<a href=\"https:\/\/www.rakovskeho.cz\/wp-content\/uploads\/2023\/12\/plan_oprav_2024.pdf\">plan_oprav_2024<\/a><br \/>\n<a href=\"https:\/\/www.rakovskeho.cz\/wp-content\/uploads\/2023\/12\/427-podklad-pro-zmenu-predpisu-na-rok-2024-ODSOUHLASENY.pdf\">427 podklad pro zm\u011bnu p\u0159edpis\u016f na rok 2024 ODSOUHLASENY<\/a><\/p>\n<p><strong>Shrom\u00e1\u017ed\u011bn\u00ed vlastn\u00edk\u016f &#8211; podzim 2022<br \/>\n<a href=\"https:\/\/www.rakovskeho.cz\/wp-content\/uploads\/2022\/10\/POZVANKA_Shromazdeni_vlastniku_2022_10_24_v01.pdf\">POZVANKA_Shromazdeni_vlastniku_2022_10_24_v01<\/a><\/strong><\/p>\n<span class=\"rcp-restricted-content-message\">(Tyto informace jsou dostupn\u00e9 registrovan\u00fdm u\u017eivatel\u016fm po p\u0159ihl\u00e1\u0161en\u00ed.)<\/span>\n<h4>Shrom\u00e1\u017ed\u011bn\u00ed vlastn\u00edk\u016f &#8211; podzim 2021 &#8211; hlasov\u00e1n\u00ed per rollam<br \/>\n<a href=\"https:\/\/www.rakovskeho.cz\/wp-content\/uploads\/2021\/11\/plan_akci_na_rok_2022.pdf\">plan_akci_na_rok_2022<\/a><br \/>\n<a href=\"https:\/\/www.rakovskeho.cz\/wp-content\/uploads\/2021\/11\/427-navrh-na-zmenu-predpisu-2022.pdf\">427 n\u00e1vrh na zm\u011bnu p\u0159edpis\u016f 2022<\/a><br \/>\n<a href=\"https:\/\/www.rakovskeho.cz\/wp-content\/uploads\/2021\/11\/Doplnujici-informace-2021.pdf\">Dopl\u0148uj\u00edc\u00ed informace 2021<\/a><br \/>\n<a href=\"https:\/\/www.rakovskeho.cz\/wp-content\/uploads\/2021\/11\/Zprava-SVJ-427_n_20-1.pdf\">Zpr\u00e1va SVJ 427_n_20-1<\/a><br \/>\n<a href=\"https:\/\/www.rakovskeho.cz\/wp-content\/uploads\/2021\/11\/Rozvaha_Ucetni_zaverka_2020.pdf\">Rozvaha_Ucetni_zaverka_2020<\/a><br \/>\nHlasovac\u00ed listiny per rollam k tisku:<br \/>\n<span class=\"rcp-restricted-content-message\">(Tyto informace jsou dostupn\u00e9 registrovan\u00fdm u\u017eivatel\u016fm po p\u0159ihl\u00e1\u0161en\u00ed.)<\/span><br \/>\n<a href=\"https:\/\/www.rakovskeho.cz\/wp-content\/uploads\/2021\/12\/zprava_predsedy_SVJ_2021_v01.pdf\">zprava_predsedy_SVJ_2021<\/a><br \/>\nV\u00fdsledky hlasov\u00e1n\u00ed per rollam:<br \/>\n<span class=\"rcp-restricted-content-message\">(Tyto informace jsou dostupn\u00e9 registrovan\u00fdm u\u017eivatel\u016fm po p\u0159ihl\u00e1\u0161en\u00ed.)<\/span><\/h4>\n<h3>Shrom\u00e1\u017ed\u011bn\u00ed vlastn\u00edk\u016f 12. 11. 2019<br \/>\n<a href=\"https:\/\/www.rakovskeho.cz\/wp-content\/uploads\/2019\/10\/POZVANKA_Shromazdeni_vlastniku_2019_11_12_v02.pdf\">POZVANKA_Shromazdeni_vlastniku_2019_11_12_v02<\/a><br \/>\n<a href=\"https:\/\/www.rakovskeho.cz\/wp-content\/uploads\/2019\/10\/domovni_rad_SVJ_Rakovskeho_v04.pdf\">domovni_rad_SVJ_Rakovskeho_v04<\/a><br \/>\n<a href=\"https:\/\/www.rakovskeho.cz\/wp-content\/uploads\/2019\/10\/ucetni_zaverka_2018.pdf\">ucetni_zaverka_2018<\/a><br \/>\n<a href=\"https:\/\/www.rakovskeho.cz\/wp-content\/uploads\/2019\/10\/planovane_akce_2020.pdf\">planovane_akce_2020<\/a><br \/>\n<a href=\"https:\/\/www.rakovskeho.cz\/wp-content\/uploads\/2019\/10\/Legionella.pdf\">Legionella<\/a><br \/>\n<a href=\"https:\/\/www.rakovskeho.cz\/wp-content\/uploads\/2019\/10\/427_predpis_2020.pdf\">427_predpis_2020<\/a><\/h3>\n<span class=\"rcp-restricted-content-message\">(Tyto informace jsou dostupn\u00e9 registrovan\u00fdm u\u017eivatel\u016fm po p\u0159ihl\u00e1\u0161en\u00ed.)<\/span>\n<h3>Shrom\u00e1\u017ed\u011bn\u00ed vlastn\u00edk\u016f 29. 1. 2019<br \/>\n<a href=\"https:\/\/www.rakovskeho.cz\/wp-content\/uploads\/2019\/01\/POZVANKA_Shromazdeni_vlastniku_2019_01_29_final.pdf\">POZVANKA_Shromazdeni_vlastniku_2019_01_29_final<\/a><br \/>\n<a href=\"https:\/\/www.rakovskeho.cz\/wp-content\/uploads\/2019\/01\/vyjadreni-ETICS-Rakovskeho-1.pdf\">vyjadreni ETICS Rakovskeho-1<\/a><\/h3>\n<h3><span class=\"rcp-restricted-content-message\">(Tyto informace jsou dostupn\u00e9 registrovan\u00fdm u\u017eivatel\u016fm po p\u0159ihl\u00e1\u0161en\u00ed.)<\/span><\/h3>\n<h3>Shrom\u00e1\u017ed\u011bn\u00ed vlastn\u00edk\u016f 8. 11. 2018<br \/>\n<a href=\"https:\/\/www.rakovskeho.cz\/wp-content\/uploads\/2018\/10\/zmocneni_zastupce_spoluvlastnika_2018_11_08.pdf\">zmocneni_zastupce_spoluvlastnika_2018_11_08<\/a> <a href=\"https:\/\/www.rakovskeho.cz\/wp-content\/uploads\/2018\/10\/POZVANKA_Shromazdeni_vlastniku_2018_11_08_FINAL.pdf\">POZVANKA_Shromazdeni_vlastniku_2018_11_08_FINAL<\/a><\/h3>\n<h3><span class=\"rcp-restricted-content-message\">(Tyto informace jsou dostupn\u00e9 registrovan\u00fdm u\u017eivatel\u016fm po p\u0159ihl\u00e1\u0161en\u00ed.)<\/span><\/h3>\n<h3>Shrom\u00e1\u017ed\u011bn\u00ed vlastn\u00edk\u016f 23. 5. 2018<br \/>\n<span class=\"rcp-restricted-content-message\">(Tyto informace jsou dostupn\u00e9 registrovan\u00fdm u\u017eivatel\u016fm po p\u0159ihl\u00e1\u0161en\u00ed.)<\/span><\/h3>\n<h3>Shrom\u00e1\u017ed\u011bn\u00ed vlastn\u00edk\u016f 28. 2. 2018<br \/>\n<span class=\"rcp-restricted-content-message\">(Tyto informace jsou dostupn\u00e9 registrovan\u00fdm u\u017eivatel\u016fm po p\u0159ihl\u00e1\u0161en\u00ed.)<\/span><\/h3>\n<h3><\/h3>\n<h3>Shrom\u00e1\u017ed\u011bn\u00ed vlastn\u00edk\u016f 7. 12. 2017<\/h3>\n<p><a href=\"https:\/\/www.rakovskeho.cz\/wp-content\/uploads\/2018\/02\/POZVANKA_Shromazdeni_vlastniku_2018_02_28_final_v02.pdf\">POZVANKA_Shromazdeni_vlastniku_2018_02_28_final_v02<\/a><br \/>\n<a href=\"https:\/\/www.rakovskeho.cz\/wp-content\/uploads\/2018\/02\/zmocneni_zastupce_spoluvlastnika_2018_02_28.pdf\">zmocneni_zastupce_spoluvlastnika_2018_02_28<\/a><\/p>\n<h3>Shrom\u00e1\u017ed\u011bn\u00ed vlastn\u00edk\u016f 7. 12. 2017<\/h3>\n<p><a href=\"https:\/\/www.rakovskeho.cz\/wp-content\/uploads\/2017\/11\/Pozvanka_s_prilohami.pdf\">Pozvanka_s_prilohami<\/a><\/p>\n<p><a href=\"https:\/\/www.rakovskeho.cz\/wp-content\/uploads\/2014\/02\/PODKLAD-K-BODU-\u010d6-SHROMAZDENI-7-12-2017-2.doc\">PODKLAD K BODU \u010d6 SHROMAZDENI 7 12 2017-2<\/a><\/p>\n<p><a href=\"https:\/\/www.rakovskeho.cz\/wp-content\/uploads\/2018\/01\/Zapis_ze_shromazdeni_2017_12_07_final_s_prilohami.pdf\">Zapis_ze_shromazdeni_2017_12_07_final_s_prilohami<\/a><\/p>\n<h3>Shrom\u00e1\u017ed\u011bn\u00ed vlastn\u00edk\u016f 28. 11. 2016<\/h3>\n<p><a href=\"https:\/\/www.rakovskeho.cz\/wp-content\/uploads\/2014\/02\/POZVANKA_Shromazdeni_vlastniku_2016_11_28_v02-1.pdf\">POZVANKA_Shromazdeni_vlastniku_2016_11_28_v02<\/a><\/p>\n<p><a href=\"https:\/\/www.rakovskeho.cz\/wp-content\/uploads\/2014\/02\/Zapis_ze_shromazdeni_2016_11_28_v3_podepsany-1.pdf\">Zapis_ze_shromazdeni_2016_11_28_v3_podepsany<\/a><\/p>\n<p><a href=\"https:\/\/www.rakovskeho.cz\/wp-content\/uploads\/2014\/02\/Zpr\u00e1va-p\u0159edsedy_2016_11_28.pdf\">Zpr\u00e1va p\u0159edsedy_2016_11_28<\/a><\/p>\n<h3>Shrom\u00e1\u017ed\u011bn\u00ed vlastn\u00edk\u016f 12. 11. 2015<\/h3>\n<h3><a href=\"http:\/\/www.rakovskeho.cz\/wp-content\/uploads\/2014\/02\/POZVANKA_Shromazdeni_vlastniku_2016_11_28_v02.pdf\">POZVANKA_Shromazdeni_vlastniku_2016_11_28_v02<\/a><\/h3>\n<h3><span class=\"rcp-restricted-content-message\">(Tyto informace jsou dostupn\u00e9 registrovan\u00fdm u\u017eivatel\u016fm po p\u0159ihl\u00e1\u0161en\u00ed.)<\/span><\/h3>\n<h3><\/h3>\n<p>&nbsp;<\/p>\n<h3>Shrom\u00e1\u017ed\u011bn\u00ed vlastn\u00edk\u016f 12. 11. 2015<br \/>\n<a href=\"http:\/\/www.rakovskeho.cz\/wp-content\/uploads\/2014\/02\/POZVANKA_Shromazdeni_vlastniku_2015_11_12_v01.pdf\">POZVANKA_Shromazdeni_vlastniku_2015_11_12_v01<\/a><\/h3>\n<h3><span class=\"rcp-restricted-content-message\">(Tyto informace jsou dostupn\u00e9 registrovan\u00fdm u\u017eivatel\u016fm po p\u0159ihl\u00e1\u0161en\u00ed.)<\/span><\/h3>\n<h3><\/h3>\n<h3><\/h3>\n<h3>Shrom\u00e1\u017ed\u011bn\u00ed vlastn\u00edk\u016f 19. 2. 2015<br \/>\n<a href=\"http:\/\/www.rakovskeho.cz\/wp-content\/uploads\/2015\/02\/POZVANKA_Shromazdeni_vlastniku_2015_02_19_v01.pdf\">POZVANKA_Shromazdeni_vlastniku_2015_02_19_v01<br \/>\n<\/a><a href=\"http:\/\/www.rakovskeho.cz\/wp-content\/uploads\/2015\/02\/zmocneni_zastupce_spoluvlastnika.pdf\" target=\"_blank\" rel=\"noopener noreferrer\">zmocneni_zastupce_spoluvlastnika<br \/>\n<\/a><span class=\"rcp-restricted-content-message\">(Tyto informace jsou dostupn\u00e9 registrovan\u00fdm u\u017eivatel\u016fm po p\u0159ihl\u00e1\u0161en\u00ed.)<\/span><\/h3>\n<h3>Shrom\u00e1\u017ed\u011bn\u00ed vlastn\u00edk\u016f 20. 11. 2014<br \/>\n<a href=\"http:\/\/www.rakovskeho.cz\/wp-content\/uploads\/2014\/11\/POZVANKA_Shromazdeni_vlastniku_2014_11_20_v01.pdf\">POZVANKA_Shromazdeni_vlastniku_2014_11_20_v01<\/a><\/h3>\n<h3>Shrom\u00e1\u017ed\u011bn\u00ed vlastn\u00edk\u016f 9. 12. 2013<br \/>\n<a href=\"http:\/\/www.rakovskeho.cz\/wordpress\/wp-content\/uploads\/2014\/02\/POZVANKA_Shromazdeni_vlastniku_2013_12_09_v01.pdf\" target=\"_blank\" rel=\"noopener noreferrer\">POZVANKA_Shromazdeni_vlastniku_2013_12_09_v01<\/a><\/h3>\n<h3>Shrom\u00e1\u017ed\u011bn\u00ed vlastn\u00edk\u016f 31. 10. 2013<br \/>\n<a href=\"http:\/\/www.rakovskeho.cz\/wordpress\/wp-content\/uploads\/2014\/02\/POZVANKA_Shromazdeni_vlastniku_2013_12_09_v01.pdf\" target=\"_blank\" rel=\"noopener noreferrer\">POZVANKA_Shromazdeni_vlastniku_2013_12_09_v01<\/a><\/h3>\n<h3>Shrom\u00e1\u017ed\u011bn\u00ed vlastn\u00edk\u016f 15. 11. 2012<br \/>\n<a href=\"http:\/\/www.rakovskeho.cz\/wordpress\/wp-content\/uploads\/2014\/02\/POZVANKA_Shromazdeni_vlastniku_2012_11_15_v01.pdf\" target=\"_blank\" rel=\"noopener noreferrer\">POZVANKA_Shromazdeni_vlastniku_2012_11_15_v01<\/a><\/h3>\n<h3>Shrom\u00e1\u017ed\u011bn\u00ed vlastn\u00edk\u016f 25. 5. 2011<br \/>\n<a href=\"http:\/\/www.rakovskeho.cz\/wordpress\/wp-content\/uploads\/2014\/02\/POZVANKA_Shromazdeni_vlastniku_2011_05_25_v02.pdf\" target=\"_blank\" rel=\"noopener noreferrer\">POZVANKA_Shromazdeni_vlastniku_2011_05_25_v02<\/a><\/h3>\n<h3>Shrom\u00e1\u017ed\u011bn\u00ed vlastn\u00edk\u016f 25. 11. 2011<br \/>\n<a href=\"http:\/\/www.rakovskeho.cz\/wordpress\/wp-content\/uploads\/2014\/02\/POZVANKA_Shromazdeni_vlastniku_2011_11_15_v01.pdf\" target=\"_blank\" rel=\"noopener noreferrer\">POZVANKA_Shromazdeni_vlastniku_2011_11_15_v01<\/a><\/h3>\n<h3>Shrom\u00e1\u017ed\u011bn\u00ed vlastn\u00edk\u016f 27. 1. 2011<br \/>\n<a href=\"http:\/\/www.rakovskeho.cz\/wordpress\/wp-content\/uploads\/2014\/02\/POZVANKA_Shromazdeni_vlastniku_2011_01_27.pdf\">POZVANKA_Shromazdeni_vlastniku_2011_01_27<\/a><\/h3>\n","protected":false},"excerpt":{"rendered":"<p>Z\u00e1pisy a intern\u00ed podklady jsou dostupn\u00e9 pouze registrovan\u00fdm u\u017eivatel\u016fm! Shrom\u00e1\u017ed\u011bn\u00ed vlastn\u00edk\u016f &#8211; 20. 10. 2025 P7_POZVANKA_Shromazdeni_vlastniku_2025_10_20_v01 &nbsp; Shrom\u00e1\u017ed\u011bn\u00ed vlastn\u00edk\u016f &#8211; 14. 10. 2024 POZVANKA_Shromazdeni_vlastniku_2024_10_14_v01 Shrom\u00e1\u017ed\u011bn\u00ed vlastn\u00edk\u016f &#8211; 4. 12. 2023 POZVANKA_Shromazdeni_vlastniku_2022_12_04_v01 zprava_predsedy_2023_12_04_VEREJNA P\u0159\u00edloha z\u00e1pisu &#8211; vyj\u00e1d\u0159en\u00ed, Gegoriades: Zapis_ze_shromazdeni_2022_10_24_v03 plan_oprav_2024 427 podklad pro zm\u011bnu p\u0159edpis\u016f na rok 2024 ODSOUHLASENY Shrom\u00e1\u017ed\u011bn\u00ed vlastn\u00edk\u016f &#8211; podzim 2022 POZVANKA_Shromazdeni_vlastniku_2022_10_24_v01 Shrom\u00e1\u017ed\u011bn\u00ed [&hellip;]<\/p>\n","protected":false},"author":1,"featured_media":0,"parent":0,"menu_order":20,"comment_status":"closed","ping_status":"closed","template":"","meta":{"footnotes":""},"class_list":["post-113","page","type-page","status-publish","hentry"],"_links":{"self":[{"href":"https:\/\/www.rakovskeho.cz\/index.php?rest_route=\/wp\/v2\/pages\/113","targetHints":{"allow":["GET"]}}],"collection":[{"href":"https:\/\/www.rakovskeho.cz\/index.php?rest_route=\/wp\/v2\/pages"}],"about":[{"href":"https:\/\/www.rakovskeho.cz\/index.php?rest_route=\/wp\/v2\/types\/page"}],"author":[{"embeddable":true,"href":"https:\/\/www.rakovskeho.cz\/index.php?rest_route=\/wp\/v2\/users\/1"}],"replies":[{"embeddable":true,"href":"https:\/\/www.rakovskeho.cz\/index.php?rest_route=%2Fwp%2Fv2%2Fcomments&post=113"}],"version-history":[{"count":38,"href":"https:\/\/www.rakovskeho.cz\/index.php?rest_route=\/wp\/v2\/pages\/113\/revisions"}],"predecessor-version":[{"id":5385,"href":"https:\/\/www.rakovskeho.cz\/index.php?rest_route=\/wp\/v2\/pages\/113\/revisions\/5385"}],"wp:attachment":[{"href":"https:\/\/www.rakovskeho.cz\/index.php?rest_route=%2Fwp%2Fv2%2Fmedia&parent=113"}],"curies":[{"name":"wp","href":"https:\/\/api.w.org\/{rel}","templated":true}]}}