{"id":133,"date":"2014-02-21T22:44:53","date_gmt":"2014-02-21T21:44:53","guid":{"rendered":"http:\/\/www.rakovskeho.cz\/wordpress\/?page_id=133"},"modified":"2014-03-16T21:06:50","modified_gmt":"2014-03-16T20:06:50","slug":"akce","status":"publish","type":"page","link":"https:\/\/www.rakovskeho.cz\/?page_id=133","title":{"rendered":"Akce"},"content":{"rendered":"<p>Zde jsou zobrazeny informace o prob\u00edhaj\u00edc\u00edch akc\u00edch v objektu, v\u010detn\u011b mo\u017en\u00fdch podklad\u016f.<\/p>\n<p>Vyberte si p\u0159\u00edslu\u0161nou z\u00e1lo\u017eku v menu pro konkr\u00e9tn\u00ed akci.<\/p>\n<p>V\u011bt\u0161ina podklad\u016f je p\u0159\u00edstupn\u00e1 pouze registrovan\u00fdm u\u017eivatel\u016fm.<\/p>\n<p>&nbsp;<\/p>\n","protected":false},"excerpt":{"rendered":"<p>Zde jsou zobrazeny informace o prob\u00edhaj\u00edc\u00edch akc\u00edch v objektu, v\u010detn\u011b mo\u017en\u00fdch podklad\u016f. Vyberte si p\u0159\u00edslu\u0161nou z\u00e1lo\u017eku v menu pro konkr\u00e9tn\u00ed akci. V\u011bt\u0161ina podklad\u016f je p\u0159\u00edstupn\u00e1 pouze registrovan\u00fdm u\u017eivatel\u016fm. &nbsp;<\/p>\n","protected":false},"author":1,"featured_media":0,"parent":0,"menu_order":30,"comment_status":"closed","ping_status":"closed","template":"","meta":{"footnotes":""},"class_list":["post-133","page","type-page","status-publish","hentry"],"_links":{"self":[{"href":"https:\/\/www.rakovskeho.cz\/index.php?rest_route=\/wp\/v2\/pages\/133","targetHints":{"allow":["GET"]}}],"collection":[{"href":"https:\/\/www.rakovskeho.cz\/index.php?rest_route=\/wp\/v2\/pages"}],"about":[{"href":"https:\/\/www.rakovskeho.cz\/index.php?rest_route=\/wp\/v2\/types\/page"}],"author":[{"embeddable":true,"href":"https:\/\/www.rakovskeho.cz\/index.php?rest_route=\/wp\/v2\/users\/1"}],"replies":[{"embeddable":true,"href":"https:\/\/www.rakovskeho.cz\/index.php?rest_route=%2Fwp%2Fv2%2Fcomments&post=133"}],"version-history":[{"count":7,"href":"https:\/\/www.rakovskeho.cz\/index.php?rest_route=\/wp\/v2\/pages\/133\/revisions"}],"predecessor-version":[{"id":203,"href":"https:\/\/www.rakovskeho.cz\/index.php?rest_route=\/wp\/v2\/pages\/133\/revisions\/203"}],"wp:attachment":[{"href":"https:\/\/www.rakovskeho.cz\/index.php?rest_route=%2Fwp%2Fv2%2Fmedia&parent=133"}],"curies":[{"name":"wp","href":"https:\/\/api.w.org\/{rel}","templated":true}]}}