{"id":137,"date":"2014-02-21T23:38:35","date_gmt":"2014-02-21T22:38:35","guid":{"rendered":"http:\/\/www.rakovskeho.cz\/?page_id=137"},"modified":"2022-09-12T09:43:09","modified_gmt":"2022-09-12T08:43:09","slug":"kontrolni-organ","status":"publish","type":"page","link":"https:\/\/www.rakovskeho.cz\/?page_id=137","title":{"rendered":"Kontroln\u00ed org\u00e1n"},"content":{"rendered":"<p>Spole\u010denstv\u00ed vlastn\u00edk\u016f dom\u016f Rakovsk\u00e9ho 3160-65 nem\u00e1 v sou\u010dasn\u00e9 dob\u011b zvolen kontroln\u00ed org\u00e1n.<\/p>\n","protected":false},"excerpt":{"rendered":"<p>Spole\u010denstv\u00ed vlastn\u00edk\u016f dom\u016f Rakovsk\u00e9ho 3160-65 nem\u00e1 v sou\u010dasn\u00e9 dob\u011b zvolen kontroln\u00ed org\u00e1n.<\/p>\n","protected":false},"author":1,"featured_media":0,"parent":51,"menu_order":3,"comment_status":"closed","ping_status":"open","template":"","meta":{"footnotes":""},"class_list":["post-137","page","type-page","status-publish","hentry"],"_links":{"self":[{"href":"https:\/\/www.rakovskeho.cz\/index.php?rest_route=\/wp\/v2\/pages\/137","targetHints":{"allow":["GET"]}}],"collection":[{"href":"https:\/\/www.rakovskeho.cz\/index.php?rest_route=\/wp\/v2\/pages"}],"about":[{"href":"https:\/\/www.rakovskeho.cz\/index.php?rest_route=\/wp\/v2\/types\/page"}],"author":[{"embeddable":true,"href":"https:\/\/www.rakovskeho.cz\/index.php?rest_route=\/wp\/v2\/users\/1"}],"replies":[{"embeddable":true,"href":"https:\/\/www.rakovskeho.cz\/index.php?rest_route=%2Fwp%2Fv2%2Fcomments&post=137"}],"version-history":[{"count":7,"href":"https:\/\/www.rakovskeho.cz\/index.php?rest_route=\/wp\/v2\/pages\/137\/revisions"}],"predecessor-version":[{"id":3877,"href":"https:\/\/www.rakovskeho.cz\/index.php?rest_route=\/wp\/v2\/pages\/137\/revisions\/3877"}],"up":[{"embeddable":true,"href":"https:\/\/www.rakovskeho.cz\/index.php?rest_route=\/wp\/v2\/pages\/51"}],"wp:attachment":[{"href":"https:\/\/www.rakovskeho.cz\/index.php?rest_route=%2Fwp%2Fv2%2Fmedia&parent=137"}],"curies":[{"name":"wp","href":"https:\/\/api.w.org\/{rel}","templated":true}]}}