{"id":311,"date":"2015-03-03T10:56:32","date_gmt":"2015-03-03T09:56:32","guid":{"rendered":"http:\/\/www.rakovskeho.cz\/?page_id=311"},"modified":"2021-10-07T19:16:40","modified_gmt":"2021-10-07T18:16:40","slug":"jednani-vyboru","status":"publish","type":"page","link":"https:\/\/www.rakovskeho.cz\/?page_id=311","title":{"rendered":"Z\u00e1pisy z jedn\u00e1n\u00ed v\u00fdboru"},"content":{"rendered":"<span class=\"rcp-restricted-content-message\">(Tyto informace jsou dostupn\u00e9 registrovan\u00fdm u\u017eivatel\u016fm po p\u0159ihl\u00e1\u0161en\u00ed.)<\/span>\n","protected":false},"excerpt":{"rendered":"","protected":false},"author":1,"featured_media":0,"parent":10,"menu_order":0,"comment_status":"closed","ping_status":"open","template":"","meta":{"footnotes":""},"class_list":["post-311","page","type-page","status-publish","hentry"],"_links":{"self":[{"href":"https:\/\/www.rakovskeho.cz\/index.php?rest_route=\/wp\/v2\/pages\/311","targetHints":{"allow":["GET"]}}],"collection":[{"href":"https:\/\/www.rakovskeho.cz\/index.php?rest_route=\/wp\/v2\/pages"}],"about":[{"href":"https:\/\/www.rakovskeho.cz\/index.php?rest_route=\/wp\/v2\/types\/page"}],"author":[{"embeddable":true,"href":"https:\/\/www.rakovskeho.cz\/index.php?rest_route=\/wp\/v2\/users\/1"}],"replies":[{"embeddable":true,"href":"https:\/\/www.rakovskeho.cz\/index.php?rest_route=%2Fwp%2Fv2%2Fcomments&post=311"}],"version-history":[{"count":15,"href":"https:\/\/www.rakovskeho.cz\/index.php?rest_route=\/wp\/v2\/pages\/311\/revisions"}],"predecessor-version":[{"id":3165,"href":"https:\/\/www.rakovskeho.cz\/index.php?rest_route=\/wp\/v2\/pages\/311\/revisions\/3165"}],"up":[{"embeddable":true,"href":"https:\/\/www.rakovskeho.cz\/index.php?rest_route=\/wp\/v2\/pages\/10"}],"wp:attachment":[{"href":"https:\/\/www.rakovskeho.cz\/index.php?rest_route=%2Fwp%2Fv2%2Fmedia&parent=311"}],"curies":[{"name":"wp","href":"https:\/\/api.w.org\/{rel}","templated":true}]}}