{"id":51,"date":"2014-02-06T14:11:37","date_gmt":"2014-02-06T13:11:37","guid":{"rendered":"http:\/\/www.rakovskeho.cz\/wordpress\/?page_id=51"},"modified":"2018-10-24T12:40:47","modified_gmt":"2018-10-24T11:40:47","slug":"sprava-objektu","status":"publish","type":"page","link":"https:\/\/www.rakovskeho.cz\/?page_id=51","title":{"rendered":"Spr\u00e1va objektu"},"content":{"rendered":"<p><a title=\"Informace\" href=\"http:\/\/www.rakovskeho.cz\/wordpress\/?page_id=8\">Informace<\/a> | <a title=\"Statut\u00e1rn\u00ed org\u00e1n\" href=\"http:\/\/www.rakovskeho.cz\/wordpress\/?page_id=10\">Statut\u00e1rn\u00ed org\u00e1n<\/a> | <a title=\"\u00dadr\u017eba\" href=\"http:\/\/www.rakovskeho.cz\/wordpress\/?page_id=54\">\u00dadr\u017eba<\/a> | <a title=\"\u00daklid\" href=\"http:\/\/www.rakovskeho.cz\/wordpress\/?page_id=57\">\u00daklid<\/a><\/p>\n<p>Zde naleznete bli\u017e\u0161\u00ed informace ohledn\u011b spr\u00e1vy objektu.<\/p>\n<p>&nbsp;<\/p>\n","protected":false},"excerpt":{"rendered":"<p>Informace | Statut\u00e1rn\u00ed org\u00e1n | \u00dadr\u017eba | \u00daklid Zde naleznete bli\u017e\u0161\u00ed informace ohledn\u011b spr\u00e1vy objektu. &nbsp;<\/p>\n","protected":false},"author":1,"featured_media":0,"parent":0,"menu_order":10,"comment_status":"closed","ping_status":"closed","template":"","meta":{"footnotes":""},"class_list":["post-51","page","type-page","status-publish","hentry"],"_links":{"self":[{"href":"https:\/\/www.rakovskeho.cz\/index.php?rest_route=\/wp\/v2\/pages\/51","targetHints":{"allow":["GET"]}}],"collection":[{"href":"https:\/\/www.rakovskeho.cz\/index.php?rest_route=\/wp\/v2\/pages"}],"about":[{"href":"https:\/\/www.rakovskeho.cz\/index.php?rest_route=\/wp\/v2\/types\/page"}],"author":[{"embeddable":true,"href":"https:\/\/www.rakovskeho.cz\/index.php?rest_route=\/wp\/v2\/users\/1"}],"replies":[{"embeddable":true,"href":"https:\/\/www.rakovskeho.cz\/index.php?rest_route=%2Fwp%2Fv2%2Fcomments&post=51"}],"version-history":[{"count":6,"href":"https:\/\/www.rakovskeho.cz\/index.php?rest_route=\/wp\/v2\/pages\/51\/revisions"}],"predecessor-version":[{"id":743,"href":"https:\/\/www.rakovskeho.cz\/index.php?rest_route=\/wp\/v2\/pages\/51\/revisions\/743"}],"wp:attachment":[{"href":"https:\/\/www.rakovskeho.cz\/index.php?rest_route=%2Fwp%2Fv2%2Fmedia&parent=51"}],"curies":[{"name":"wp","href":"https:\/\/api.w.org\/{rel}","templated":true}]}}