{"id":54,"date":"2014-02-06T14:11:59","date_gmt":"2014-02-06T13:11:59","guid":{"rendered":"http:\/\/www.rakovskeho.cz\/wordpress\/?page_id=54"},"modified":"2025-11-20T17:49:45","modified_gmt":"2025-11-20T16:49:45","slug":"udrzba","status":"publish","type":"page","link":"https:\/\/www.rakovskeho.cz\/?page_id=54","title":{"rendered":"\u00dadr\u017eba"},"content":{"rendered":"<p>Drobn\u00e9 opravy a \u00fadr\u017ebu v objektu zaji\u0161\u0165uje pan Miroslav Franc.<\/p>\n","protected":false},"excerpt":{"rendered":"<p>Drobn\u00e9 opravy a \u00fadr\u017ebu v objektu zaji\u0161\u0165uje pan Miroslav Franc.<\/p>\n","protected":false},"author":1,"featured_media":0,"parent":51,"menu_order":4,"comment_status":"closed","ping_status":"closed","template":"","meta":{"footnotes":""},"class_list":["post-54","page","type-page","status-publish","hentry"],"_links":{"self":[{"href":"https:\/\/www.rakovskeho.cz\/index.php?rest_route=\/wp\/v2\/pages\/54","targetHints":{"allow":["GET"]}}],"collection":[{"href":"https:\/\/www.rakovskeho.cz\/index.php?rest_route=\/wp\/v2\/pages"}],"about":[{"href":"https:\/\/www.rakovskeho.cz\/index.php?rest_route=\/wp\/v2\/types\/page"}],"author":[{"embeddable":true,"href":"https:\/\/www.rakovskeho.cz\/index.php?rest_route=\/wp\/v2\/users\/1"}],"replies":[{"embeddable":true,"href":"https:\/\/www.rakovskeho.cz\/index.php?rest_route=%2Fwp%2Fv2%2Fcomments&post=54"}],"version-history":[{"count":14,"href":"https:\/\/www.rakovskeho.cz\/index.php?rest_route=\/wp\/v2\/pages\/54\/revisions"}],"predecessor-version":[{"id":5373,"href":"https:\/\/www.rakovskeho.cz\/index.php?rest_route=\/wp\/v2\/pages\/54\/revisions\/5373"}],"up":[{"embeddable":true,"href":"https:\/\/www.rakovskeho.cz\/index.php?rest_route=\/wp\/v2\/pages\/51"}],"wp:attachment":[{"href":"https:\/\/www.rakovskeho.cz\/index.php?rest_route=%2Fwp%2Fv2%2Fmedia&parent=54"}],"curies":[{"name":"wp","href":"https:\/\/api.w.org\/{rel}","templated":true}]}}