{"id":57,"date":"2014-02-06T14:12:20","date_gmt":"2014-02-06T13:12:20","guid":{"rendered":"http:\/\/www.rakovskeho.cz\/wordpress\/?page_id=57"},"modified":"2017-07-06T06:57:42","modified_gmt":"2017-07-06T05:57:42","slug":"uklid","status":"publish","type":"page","link":"https:\/\/www.rakovskeho.cz\/?page_id=57","title":{"rendered":"\u00daklid"},"content":{"rendered":"<p>\u00daklid v objektu prov\u00e1d\u00ed pan <strong>Vyacheslav Chernyak<br \/>\n<\/strong><\/p>\n<p>V p\u0159\u00edpad\u011b jak\u00e9hokoli probl\u00e9mu, pros\u00edm, kontaktujte v\u00fdbor SVJ.<\/p>\n<p><b>Rozsah prov\u00e1d\u011bn\u00fdch \u00faklidov\u00fdch prac\u00ed<\/b><\/p>\n<p>2x t\u00fddn\u011b:<\/p>\n<ul>\n<li>\u00faklid p\u0159\u00edzem\u00ed<\/li>\n<li>\u00faklid v\u00fdtahu<\/li>\n<\/ul>\n<p>1x t\u00fddn\u011b<\/p>\n<ul>\n<li>\u00faklid prostor\u016f p\u0159ed byty<\/li>\n<\/ul>\n<p>M\u011bs\u00ed\u010dn\u011b:<\/p>\n<ul>\n<li>\u00faklid zadn\u00edho schodi\u0161t\u011b v objektu<\/li>\n<li>\u00faklid ji\u017en\u00ed l\u00e1vky p\u0159ed vchodem do domu a zadn\u00edho schodi\u0161t\u011b<\/li>\n<li>\u00faklid p\u0159ed strojovnami v\u00fdtah\u016f<\/li>\n<\/ul>\n<p>\u010ctvrtletn\u011b:<\/p>\n<ul>\n<li>\u00faklid chodbi\u010dek spole\u010dn\u00fdch prostor na v\u0161ech<\/li>\n<li>o\u010di\u0161t\u011bn\u00ed sk\u0159\u00edn\u011bk hydrant\u016f<\/li>\n<li>omyt\u00ed dve\u0159\u00ed spole\u010dn\u00fdch prostor ve v\u0161ech patrech<\/li>\n<\/ul>\n<p>Pololetn\u011b:<\/p>\n<ul>\n<li>\u00faklid spole\u010dn\u00fdch chodeb v\u00a0suter\u00e9nu<\/li>\n<li>omyt\u00ed dve\u0159\u00ed v\u00a0chodb\u00e1ch v\u00a0suter\u00e9nu<\/li>\n<li>\u00faklid chodeb v\u00a0uzav\u0159en\u00fdch sklepn\u00edch prostor\u00e1ch<\/li>\n<li>omyt\u00ed sklepn\u00edch ok\u00e9nek<\/li>\n<li>\u00faklid su\u0161\u00e1rny, pr\u00e1delny a mandlovny<\/li>\n<li>\u00faklid ko\u010d\u00e1rk\u00e1rny<\/li>\n<\/ul>\n<p>Ostatn\u00ed:<\/p>\n<ul>\n<li>V zimn\u00edch m\u011bs\u00edc\u00edch je objedn\u00e1n \u00faklid sn\u011bhu.<\/li>\n<li>\u00daklid u kontejner\u016f je prov\u00e1d\u011bn podle aktu\u00e1ln\u00edho stavu.<\/li>\n<\/ul>\n","protected":false},"excerpt":{"rendered":"<p>\u00daklid v objektu prov\u00e1d\u00ed pan Vyacheslav Chernyak V p\u0159\u00edpad\u011b jak\u00e9hokoli probl\u00e9mu, pros\u00edm, kontaktujte v\u00fdbor SVJ. Rozsah prov\u00e1d\u011bn\u00fdch \u00faklidov\u00fdch prac\u00ed 2x t\u00fddn\u011b: \u00faklid p\u0159\u00edzem\u00ed \u00faklid v\u00fdtahu 1x t\u00fddn\u011b \u00faklid prostor\u016f p\u0159ed byty M\u011bs\u00ed\u010dn\u011b: \u00faklid zadn\u00edho schodi\u0161t\u011b v objektu \u00faklid ji\u017en\u00ed l\u00e1vky p\u0159ed vchodem do domu a zadn\u00edho schodi\u0161t\u011b \u00faklid p\u0159ed strojovnami v\u00fdtah\u016f \u010ctvrtletn\u011b: \u00faklid chodbi\u010dek spole\u010dn\u00fdch [&hellip;]<\/p>\n","protected":false},"author":1,"featured_media":0,"parent":51,"menu_order":5,"comment_status":"closed","ping_status":"closed","template":"","meta":{"footnotes":""},"class_list":["post-57","page","type-page","status-publish","hentry"],"_links":{"self":[{"href":"https:\/\/www.rakovskeho.cz\/index.php?rest_route=\/wp\/v2\/pages\/57","targetHints":{"allow":["GET"]}}],"collection":[{"href":"https:\/\/www.rakovskeho.cz\/index.php?rest_route=\/wp\/v2\/pages"}],"about":[{"href":"https:\/\/www.rakovskeho.cz\/index.php?rest_route=\/wp\/v2\/types\/page"}],"author":[{"embeddable":true,"href":"https:\/\/www.rakovskeho.cz\/index.php?rest_route=\/wp\/v2\/users\/1"}],"replies":[{"embeddable":true,"href":"https:\/\/www.rakovskeho.cz\/index.php?rest_route=%2Fwp%2Fv2%2Fcomments&post=57"}],"version-history":[{"count":8,"href":"https:\/\/www.rakovskeho.cz\/index.php?rest_route=\/wp\/v2\/pages\/57\/revisions"}],"predecessor-version":[{"id":542,"href":"https:\/\/www.rakovskeho.cz\/index.php?rest_route=\/wp\/v2\/pages\/57\/revisions\/542"}],"up":[{"embeddable":true,"href":"https:\/\/www.rakovskeho.cz\/index.php?rest_route=\/wp\/v2\/pages\/51"}],"wp:attachment":[{"href":"https:\/\/www.rakovskeho.cz\/index.php?rest_route=%2Fwp%2Fv2%2Fmedia&parent=57"}],"curies":[{"name":"wp","href":"https:\/\/api.w.org\/{rel}","templated":true}]}}