{"id":75,"date":"2014-02-21T20:35:57","date_gmt":"2014-02-21T19:35:57","guid":{"rendered":"http:\/\/www.rakovskeho.cz\/wordpress\/?page_id=75"},"modified":"2014-02-21T22:47:42","modified_gmt":"2014-02-21T21:47:42","slug":"obchody","status":"publish","type":"page","link":"https:\/\/www.rakovskeho.cz\/?page_id=75","title":{"rendered":"Obchody"},"content":{"rendered":"<p><a title=\"Cyklosport Tarant\" href=\"http:\/\/www.rakovskeho.cz\/wordpress\/?page_id=78\">Cyklosport Tarant<\/a> | <a title=\"Sedl\u00e1\u0159stv\u00ed \u0160indel\u00e1\u0159\" href=\"http:\/\/www.rakovskeho.cz\/wordpress\/?page_id=81\">Sedl\u00e1\u0159stv\u00ed \u0160indel\u00e1\u0159<\/a><\/p>\n<p>V objektu jsou pronaj\u00edm\u00e1ny nebytov\u00e9 prostory ke komer\u010dn\u00edm \u00fa\u010del\u016fm.<\/p>\n","protected":false},"excerpt":{"rendered":"<p>Cyklosport Tarant | Sedl\u00e1\u0159stv\u00ed \u0160indel\u00e1\u0159 V objektu jsou pronaj\u00edm\u00e1ny nebytov\u00e9 prostory ke komer\u010dn\u00edm \u00fa\u010del\u016fm.<\/p>\n","protected":false},"author":1,"featured_media":0,"parent":0,"menu_order":60,"comment_status":"closed","ping_status":"closed","template":"","meta":{"footnotes":""},"class_list":["post-75","page","type-page","status-publish","hentry"],"_links":{"self":[{"href":"https:\/\/www.rakovskeho.cz\/index.php?rest_route=\/wp\/v2\/pages\/75","targetHints":{"allow":["GET"]}}],"collection":[{"href":"https:\/\/www.rakovskeho.cz\/index.php?rest_route=\/wp\/v2\/pages"}],"about":[{"href":"https:\/\/www.rakovskeho.cz\/index.php?rest_route=\/wp\/v2\/types\/page"}],"author":[{"embeddable":true,"href":"https:\/\/www.rakovskeho.cz\/index.php?rest_route=\/wp\/v2\/users\/1"}],"replies":[{"embeddable":true,"href":"https:\/\/www.rakovskeho.cz\/index.php?rest_route=%2Fwp%2Fv2%2Fcomments&post=75"}],"version-history":[{"count":3,"href":"https:\/\/www.rakovskeho.cz\/index.php?rest_route=\/wp\/v2\/pages\/75\/revisions"}],"predecessor-version":[{"id":106,"href":"https:\/\/www.rakovskeho.cz\/index.php?rest_route=\/wp\/v2\/pages\/75\/revisions\/106"}],"wp:attachment":[{"href":"https:\/\/www.rakovskeho.cz\/index.php?rest_route=%2Fwp%2Fv2%2Fmedia&parent=75"}],"curies":[{"name":"wp","href":"https:\/\/api.w.org\/{rel}","templated":true}]}}