{"id":8,"date":"2014-02-05T23:11:45","date_gmt":"2014-02-05T22:11:45","guid":{"rendered":"http:\/\/www.rakovskeho.cz\/wordpress\/?page_id=8"},"modified":"2022-11-22T13:41:41","modified_gmt":"2022-11-22T12:41:41","slug":"informace","status":"publish","type":"page","link":"https:\/\/www.rakovskeho.cz\/?page_id=8","title":{"rendered":"Informace"},"content":{"rendered":"<p><strong>Spole\u010denstv\u00ed vlastn\u00edk\u016f dom\u016f Rakovsk\u00e9ho 3160-65<\/strong><br \/>\nRakovsk\u00e9ho 3162\/8<br \/>\nPraha 412<br \/>\nCZ-143 00<\/p>\n<p>I\u010cO 75062631<\/p>\n<p>ID datov\u00e9 schr\u00e1nky (cel\u00fd identifik\u00e1tor po kliknut\u00ed na obr\u00e1zek): <a href=\"https:\/\/www.rakovskeho.cz\/?attachment_id=4098\"><img loading=\"lazy\" decoding=\"async\" class=\"alignnone wp-image-4098\" src=\"https:\/\/www.rakovskeho.cz\/wp-content\/uploads\/2022\/11\/datova_schranka_SVJ-150x100.jpg\" alt=\"\" width=\"56\" height=\"37\" \/><\/a><\/p>\n<p><strong>Posledn\u00ed schv\u00e1len\u00e9 stanovy spole\u010denstv\u00ed: <\/strong><br \/>\n<a href=\"https:\/\/www.rakovskeho.cz\/wp-content\/uploads\/2022\/07\/stanovy_SVJ_Rakovskeho_2020_11_19_v01.pdf\">stanovy_SVJ_Rakovskeho_2020_11_19_v01<\/a><\/p>\n<p><strong>Pr\u016fkaz energetick\u00e9 n\u00e1ro\u010dnosti budovy:<\/strong><br \/>\n<a href=\"https:\/\/www.rakovskeho.cz\/wp-content\/uploads\/2020\/12\/PENB_20-0307-KL-KK-NZU-BD-NZU-Rakovskeho-3160-65-navrh.pdf\">PENB_20-0307-KL-KK-NZU-BD NZU Rakovsk\u00e9ho 3160-65-n\u00e1vrh<\/a><\/p>\n<p><strong>Domovn\u00ed \u0159\u00e1d<\/strong><br \/>\n<a href=\"https:\/\/www.rakovskeho.cz\/wp-content\/uploads\/2021\/02\/domovni_rad_SVJ_Rakovskeho_v08.pdf\">domovni_rad_SVJ_Rakovskeho_v08<\/a><\/p>\n","protected":false},"excerpt":{"rendered":"<p>Spole\u010denstv\u00ed vlastn\u00edk\u016f dom\u016f Rakovsk\u00e9ho 3160-65 Rakovsk\u00e9ho 3162\/8 Praha 412 CZ-143 00 I\u010cO 75062631 ID datov\u00e9 schr\u00e1nky (cel\u00fd identifik\u00e1tor po kliknut\u00ed na obr\u00e1zek): Posledn\u00ed schv\u00e1len\u00e9 stanovy spole\u010denstv\u00ed: stanovy_SVJ_Rakovskeho_2020_11_19_v01 Pr\u016fkaz energetick\u00e9 n\u00e1ro\u010dnosti budovy: PENB_20-0307-KL-KK-NZU-BD NZU Rakovsk\u00e9ho 3160-65-n\u00e1vrh Domovn\u00ed \u0159\u00e1d domovni_rad_SVJ_Rakovskeho_v08<\/p>\n","protected":false},"author":1,"featured_media":0,"parent":51,"menu_order":1,"comment_status":"closed","ping_status":"closed","template":"","meta":{"footnotes":""},"class_list":["post-8","page","type-page","status-publish","hentry"],"_links":{"self":[{"href":"https:\/\/www.rakovskeho.cz\/index.php?rest_route=\/wp\/v2\/pages\/8","targetHints":{"allow":["GET"]}}],"collection":[{"href":"https:\/\/www.rakovskeho.cz\/index.php?rest_route=\/wp\/v2\/pages"}],"about":[{"href":"https:\/\/www.rakovskeho.cz\/index.php?rest_route=\/wp\/v2\/types\/page"}],"author":[{"embeddable":true,"href":"https:\/\/www.rakovskeho.cz\/index.php?rest_route=\/wp\/v2\/users\/1"}],"replies":[{"embeddable":true,"href":"https:\/\/www.rakovskeho.cz\/index.php?rest_route=%2Fwp%2Fv2%2Fcomments&post=8"}],"version-history":[{"count":20,"href":"https:\/\/www.rakovskeho.cz\/index.php?rest_route=\/wp\/v2\/pages\/8\/revisions"}],"predecessor-version":[{"id":4101,"href":"https:\/\/www.rakovskeho.cz\/index.php?rest_route=\/wp\/v2\/pages\/8\/revisions\/4101"}],"up":[{"embeddable":true,"href":"https:\/\/www.rakovskeho.cz\/index.php?rest_route=\/wp\/v2\/pages\/51"}],"wp:attachment":[{"href":"https:\/\/www.rakovskeho.cz\/index.php?rest_route=%2Fwp%2Fv2%2Fmedia&parent=8"}],"curies":[{"name":"wp","href":"https:\/\/api.w.org\/{rel}","templated":true}]}}