{"id":81,"date":"2014-02-21T20:36:46","date_gmt":"2014-02-21T19:36:46","guid":{"rendered":"http:\/\/www.rakovskeho.cz\/wordpress\/?page_id=81"},"modified":"2024-09-17T12:36:54","modified_gmt":"2024-09-17T11:36:54","slug":"sedlarstvi-sindelar","status":"publish","type":"page","link":"https:\/\/www.rakovskeho.cz\/?page_id=81","title":{"rendered":"JUSTCENTRUM Mod\u0159any"},"content":{"rendered":"<p>JUSTCENTRUM Mod\u0159any<\/p>\n<p>V p\u0159\u00edjemn\u00e9m prost\u0159ed\u00ed pln\u00e9m vo\u0148av\u00fdch bylinek V\u00e1s r\u00e1di p\u0159iv\u00edt\u00e1me!<\/p>\n<p>Kontakt: <a href=\"https:\/\/zuzana-strizkova.justnahrin.eu\/\">Ing. Zuzana St\u0159\u00ed\u017ekov\u00e1 <\/a><\/p>\n<p style=\"text-align: justify;\">\n","protected":false},"excerpt":{"rendered":"<p>JUSTCENTRUM Mod\u0159any V p\u0159\u00edjemn\u00e9m prost\u0159ed\u00ed pln\u00e9m vo\u0148av\u00fdch bylinek V\u00e1s r\u00e1di p\u0159iv\u00edt\u00e1me! Kontakt: Ing. Zuzana St\u0159\u00ed\u017ekov\u00e1<\/p>\n","protected":false},"author":1,"featured_media":0,"parent":75,"menu_order":0,"comment_status":"closed","ping_status":"closed","template":"","meta":{"footnotes":""},"class_list":["post-81","page","type-page","status-publish","hentry"],"_links":{"self":[{"href":"https:\/\/www.rakovskeho.cz\/index.php?rest_route=\/wp\/v2\/pages\/81","targetHints":{"allow":["GET"]}}],"collection":[{"href":"https:\/\/www.rakovskeho.cz\/index.php?rest_route=\/wp\/v2\/pages"}],"about":[{"href":"https:\/\/www.rakovskeho.cz\/index.php?rest_route=\/wp\/v2\/types\/page"}],"author":[{"embeddable":true,"href":"https:\/\/www.rakovskeho.cz\/index.php?rest_route=\/wp\/v2\/users\/1"}],"replies":[{"embeddable":true,"href":"https:\/\/www.rakovskeho.cz\/index.php?rest_route=%2Fwp%2Fv2%2Fcomments&post=81"}],"version-history":[{"count":5,"href":"https:\/\/www.rakovskeho.cz\/index.php?rest_route=\/wp\/v2\/pages\/81\/revisions"}],"predecessor-version":[{"id":4970,"href":"https:\/\/www.rakovskeho.cz\/index.php?rest_route=\/wp\/v2\/pages\/81\/revisions\/4970"}],"up":[{"embeddable":true,"href":"https:\/\/www.rakovskeho.cz\/index.php?rest_route=\/wp\/v2\/pages\/75"}],"wp:attachment":[{"href":"https:\/\/www.rakovskeho.cz\/index.php?rest_route=%2Fwp%2Fv2%2Fmedia&parent=81"}],"curies":[{"name":"wp","href":"https:\/\/api.w.org\/{rel}","templated":true}]}}