{"id":84,"date":"2014-02-21T20:37:18","date_gmt":"2014-02-21T19:37:18","guid":{"rendered":"http:\/\/www.rakovskeho.cz\/wordpress\/?page_id=84"},"modified":"2022-09-12T09:45:34","modified_gmt":"2022-09-12T08:45:34","slug":"verejne-prostory","status":"publish","type":"page","link":"https:\/\/www.rakovskeho.cz\/?page_id=84","title":{"rendered":"Ve\u0159ejn\u00e9 prostory"},"content":{"rendered":"<p>V objektu jsou p\u0159\u00edstupn\u00e9 n\u00e1sleduj\u00edc\u00ed prostory:<\/p>\n<h3>Sauna<\/h3>\n<p>Spr\u00e1vce sauny: mgr. Lenka Richterov\u00e1<\/p>\n<h3>Pr\u00e1delna a su\u0161\u00e1rna<\/h3>\n<p>Spr\u00e1vce (vchod 3163): Hejduk Stanislav<br \/>\nSpr\u00e1vce (vchod 3164): Hejduk Stanislav<\/p>\n<h3>Su\u0161\u00e1rna<\/h3>\n<p>Spr\u00e1vce (vchod 3161): Renata Pol\u00e1\u010dkov\u00e1<\/p>\n<h3><strong>Posilovna<\/strong><\/h3>\n<p>Spr\u00e1vce: Jan Zav\u0159el<\/p>\n<h3>D\u00edlna<\/h3>\n<p>Spr\u00e1vce: Jan Zav\u0159el a Ond\u0159ej Koz\u00e1rik<\/p>\n","protected":false},"excerpt":{"rendered":"<p>V objektu jsou p\u0159\u00edstupn\u00e9 n\u00e1sleduj\u00edc\u00ed prostory: Sauna Spr\u00e1vce sauny: mgr. Lenka Richterov\u00e1 Pr\u00e1delna a su\u0161\u00e1rna Spr\u00e1vce (vchod 3163): Hejduk Stanislav Spr\u00e1vce (vchod 3164): Hejduk Stanislav Su\u0161\u00e1rna Spr\u00e1vce (vchod 3161): Renata Pol\u00e1\u010dkov\u00e1 Posilovna Spr\u00e1vce: Jan Zav\u0159el D\u00edlna Spr\u00e1vce: Jan Zav\u0159el a Ond\u0159ej Koz\u00e1rik<\/p>\n","protected":false},"author":1,"featured_media":0,"parent":0,"menu_order":50,"comment_status":"closed","ping_status":"closed","template":"","meta":{"footnotes":""},"class_list":["post-84","page","type-page","status-publish","hentry"],"_links":{"self":[{"href":"https:\/\/www.rakovskeho.cz\/index.php?rest_route=\/wp\/v2\/pages\/84","targetHints":{"allow":["GET"]}}],"collection":[{"href":"https:\/\/www.rakovskeho.cz\/index.php?rest_route=\/wp\/v2\/pages"}],"about":[{"href":"https:\/\/www.rakovskeho.cz\/index.php?rest_route=\/wp\/v2\/types\/page"}],"author":[{"embeddable":true,"href":"https:\/\/www.rakovskeho.cz\/index.php?rest_route=\/wp\/v2\/users\/1"}],"replies":[{"embeddable":true,"href":"https:\/\/www.rakovskeho.cz\/index.php?rest_route=%2Fwp%2Fv2%2Fcomments&post=84"}],"version-history":[{"count":8,"href":"https:\/\/www.rakovskeho.cz\/index.php?rest_route=\/wp\/v2\/pages\/84\/revisions"}],"predecessor-version":[{"id":3878,"href":"https:\/\/www.rakovskeho.cz\/index.php?rest_route=\/wp\/v2\/pages\/84\/revisions\/3878"}],"wp:attachment":[{"href":"https:\/\/www.rakovskeho.cz\/index.php?rest_route=%2Fwp%2Fv2%2Fmedia&parent=84"}],"curies":[{"name":"wp","href":"https:\/\/api.w.org\/{rel}","templated":true}]}}